{"id":40129,"date":"2025-09-15T17:46:40","date_gmt":"2025-09-15T16:46:40","guid":{"rendered":"https:\/\/sudurras.fo\/?page_id=40129"},"modified":"2026-04-14T22:34:53","modified_gmt":"2026-04-14T21:34:53","slug":"stodan-i-sjavskappingini","status":"publish","type":"page","link":"https:\/\/sudurras.fo\/?page_id=40129","title":{"rendered":"St\u00f8\u00f0an \u00ed sjavskappingini"},"content":{"rendered":"\n<p><em>Dagf\u00f8rt 14. apr\u00edl 2026<\/em><\/p>\n\n\n\n<figure class=\"wp-block-table\"><table class=\"has-fixed-layout\"><tbody><tr><td><strong>Nr.<\/strong><\/td><td><strong>Sp\u00e6lari<\/strong><\/td><td><strong>Stig<\/strong><\/td><\/tr><tr><td>1<\/td><td>Sverri Jacobsen<\/td><td>17<\/td><\/tr><tr><td>2<\/td><td>Birgit Poulsen<\/td><td>17<\/td><\/tr><tr><td>3<\/td><td>Sam Ripley<\/td><td>14<\/td><\/tr><tr><td>4<\/td><td>Jens M\u00f8rk<\/td><td>13<\/td><\/tr><tr><td>5<\/td><td>Elna Poulsen<\/td><td>12<\/td><\/tr><tr><td>6<\/td><td>Kathrina Borgardal<\/td><td>12<\/td><\/tr><tr><td>7<\/td><td>Eirikur Poulsen<\/td><td>12<\/td><\/tr><tr><td>8<\/td><td>T\u00f3rur Str\u00f8m<\/td><td>11<\/td><\/tr><tr><td>9<\/td><td>Finnbogi Mortensen<\/td><td>11<\/td><\/tr><tr><td>10<\/td><td>Sveinur Bech<\/td><td>10<\/td><\/tr><tr><td>11<\/td><td>Leivur Tihekari<\/td><td>9<\/td><\/tr><tr><td>12<\/td><td>P\u00e1ll Lervig<\/td><td>9<\/td><\/tr><tr><td>13<\/td><td>Helgi Bech<\/td><td>8<\/td><\/tr><tr><td>14<\/td><td>John Bech<\/td><td>7<\/td><\/tr><tr><td>15<\/td><td>Ey\u00f0olf Bech<\/td><td>7<\/td><\/tr><tr><td>16<\/td><td>Frimodt Berg<\/td><td>6<\/td><\/tr><tr><td>17<\/td><td>Petur Midjord<\/td><td>6<\/td><\/tr><tr><td>18<\/td><td>Finn G\u00e6rdbo<\/td><td>6<\/td><\/tr><tr><td>19<\/td><td>Frederik Ludvig<\/td><td>6<\/td><\/tr><tr><td>20<\/td><td>Birgit Midjord<\/td><td>6<\/td><\/tr><tr><td>21<\/td><td>Tr\u00fagvi Berg<\/td><td>6<\/td><\/tr><tr><td>22<\/td><td>Palle Julsgart<\/td><td>5<\/td><\/tr><tr><td>23<\/td><td>Jens Olaf Jensen<\/td><td>5<\/td><\/tr><tr><td>24<\/td><td>Marianna Lisberg<\/td><td>5<\/td><\/tr><tr><td>25<\/td><td>J\u00e1kup Sofus Kj\u00e6rbo<\/td><td>5<\/td><\/tr><tr><td>26<\/td><td>Jan Hovgaard<\/td><td>4<\/td><\/tr><tr><td>27<\/td><td>Sverri Magnussen<\/td><td>4<\/td><\/tr><tr><td>28<\/td><td>J\u00e1kup Lisberg<\/td><td>3<\/td><\/tr><tr><td>29<\/td><td>J\u00e1kup Joensen<\/td><td>3<\/td><\/tr><tr><td>30<\/td><td>Tova Kj\u00e6rbo<\/td><td>3<\/td><\/tr><tr><td>31<\/td><td>Sigmund Andreassen<\/td><td>2<\/td><\/tr><tr><td>32<\/td><td>Jens Pauli Thomsen<\/td><td>2<\/td><\/tr><tr><td>33<\/td><td>Vivian Skyt<\/td><td>2<\/td><\/tr><tr><td>34<\/td><td>John Holm<\/td><td>2<\/td><\/tr><tr><td>35<\/td><td>Beinir Thomsen<\/td><td>2<\/td><\/tr><tr><td>36<\/td><td>J\u00f3nsvein Bech<\/td><td>1<\/td><\/tr><tr><td>37<\/td><td>John Jacobsen<\/td><td>1<\/td><\/tr><tr><td>38<\/td><td>Henning Djurhuus<\/td><td>1<\/td><\/tr><tr><td>39<\/td><td>Torger\u00f0 \u00ed L\u00e1gab\u00f8<\/td><td>1<\/td><\/tr><tr><td>40<\/td><td>Thomar Hermansen<\/td><td>1<\/td><\/tr><tr><td>41<\/td><td>Ludv\u00edk Dimon<\/td><td>1<\/td><\/tr><tr><td>42<\/td><td>Conny Thomsen<\/td><td>1<\/td><\/tr><tr><td>43<\/td><td>Gudmund Poulsen<\/td><td>1<\/td><\/tr><\/tbody><\/table><\/figure>\n","protected":false},"excerpt":{"rendered":"<p>Dagf\u00f8rt 14. apr\u00edl 2026 Nr. Sp\u00e6lari Stig 1 Sverri Jacobsen 17 2 Birgit Poulsen 17 3 Sam Ripley 14 4 Jens M\u00f8rk 13 5 Elna Poulsen 12 6 Kathrina Borgardal 12 7 Eirikur Poulsen 12 8 T\u00f3rur Str\u00f8m 11 9 Finnbogi Mortensen 11 10 Sveinur Bech 10 11 Leivur Tihekari 9 12 P\u00e1ll Lervig 9 [&hellip;]<\/p>\n","protected":false},"author":3,"featured_media":0,"parent":0,"menu_order":0,"comment_status":"closed","ping_status":"closed","template":"","meta":{"ngg_post_thumbnail":0,"footnotes":""},"class_list":["post-40129","page","type-page","status-publish","hentry"],"publishpress_future_action":{"enabled":false,"date":"2026-04-23 08:16:59","action":"change-status","newStatus":"draft","terms":[],"taxonomy":"","extraData":[]},"publishpress_future_workflow_manual_trigger":{"enabledWorkflows":[]},"_links":{"self":[{"href":"https:\/\/sudurras.fo\/index.php?rest_route=\/wp\/v2\/pages\/40129","targetHints":{"allow":["GET"]}}],"collection":[{"href":"https:\/\/sudurras.fo\/index.php?rest_route=\/wp\/v2\/pages"}],"about":[{"href":"https:\/\/sudurras.fo\/index.php?rest_route=\/wp\/v2\/types\/page"}],"author":[{"embeddable":true,"href":"https:\/\/sudurras.fo\/index.php?rest_route=\/wp\/v2\/users\/3"}],"replies":[{"embeddable":true,"href":"https:\/\/sudurras.fo\/index.php?rest_route=%2Fwp%2Fv2%2Fcomments&post=40129"}],"version-history":[{"count":21,"href":"https:\/\/sudurras.fo\/index.php?rest_route=\/wp\/v2\/pages\/40129\/revisions"}],"predecessor-version":[{"id":42694,"href":"https:\/\/sudurras.fo\/index.php?rest_route=\/wp\/v2\/pages\/40129\/revisions\/42694"}],"wp:attachment":[{"href":"https:\/\/sudurras.fo\/index.php?rest_route=%2Fwp%2Fv2%2Fmedia&parent=40129"}],"curies":[{"name":"wp","href":"https:\/\/api.w.org\/{rel}","templated":true}]}}