{"id":40426,"date":"2025-10-10T16:41:10","date_gmt":"2025-10-10T15:41:10","guid":{"rendered":"https:\/\/sudurras.fo\/?page_id=40426"},"modified":"2025-10-26T17:51:41","modified_gmt":"2025-10-26T17:51:41","slug":"um-suduroyarportalurin","status":"publish","type":"page","link":"https:\/\/sudurras.fo\/?page_id=40426","title":{"rendered":"Um Su\u00f0uroyarportalurin"},"content":{"rendered":"\n<h2 class=\"wp-block-heading\">S\u00ed\u00f0ani \u00e1 heysti 2007 hevur Su\u00f0uroyarportalurin veri\u00f0 ein t\u00fd\u00f0andi netmi\u00f0il&nbsp;fyri Su\u00f0uroynna.<\/h2>\n\n\n\n<p>Endam\u00e1li\u00f0 hj\u00e1 Su\u00f0uroyarportalinum er fyrst og fremst at bera t\u00ed\u00f0indi \u00far Su\u00f0uroynni.<\/p>\n\n\n\n<p>Su\u00f0uroyarportalurin er f\u00edggja\u00f0ur vi\u00f0 l\u00fdsingum og sj\u00e1lvbodnum arbei\u00f0i.<\/p>\n\n\n\n<p><strong>Su\u00f0uroyarportalurin<\/strong><br><a href=\"https:\/\/web.archive.org\/web\/20200208034351\/https:\/\/mail.google.com\/mail\/?view=cm&amp;fs=1&amp;tf=1&amp;to=webmaster@sudurras.fo\" target=\"_blank\" rel=\"noreferrer noopener\">webmaster@sudurras.fo<\/a><\/p>\n\n\n\n<p>Konto \u00ed Su\u00f0uroyar Sparikassa (reg. 9870) 1018044.<\/p>\n","protected":false},"excerpt":{"rendered":"<p>S\u00ed\u00f0ani \u00e1 heysti 2007 hevur Su\u00f0uroyarportalurin veri\u00f0 ein t\u00fd\u00f0andi netmi\u00f0il&nbsp;fyri Su\u00f0uroynna. Endam\u00e1li\u00f0 hj\u00e1 Su\u00f0uroyarportalinum er fyrst og fremst at bera t\u00ed\u00f0indi \u00far Su\u00f0uroynni. Su\u00f0uroyarportalurin er f\u00edggja\u00f0ur vi\u00f0 l\u00fdsingum og sj\u00e1lvbodnum arbei\u00f0i. Su\u00f0uroyarportalurinwebmaster@sudurras.fo Konto \u00ed Su\u00f0uroyar Sparikassa (reg. 9870) 1018044.<\/p>\n","protected":false},"author":20,"featured_media":0,"parent":0,"menu_order":0,"comment_status":"closed","ping_status":"closed","template":"","meta":{"ngg_post_thumbnail":0,"footnotes":""},"class_list":["post-40426","page","type-page","status-publish","hentry"],"publishpress_future_action":{"enabled":false,"date":"2026-04-21 08:20:57","action":"change-status","newStatus":"draft","terms":[],"taxonomy":"","extraData":[]},"publishpress_future_workflow_manual_trigger":{"enabledWorkflows":[]},"_links":{"self":[{"href":"https:\/\/sudurras.fo\/index.php?rest_route=\/wp\/v2\/pages\/40426","targetHints":{"allow":["GET"]}}],"collection":[{"href":"https:\/\/sudurras.fo\/index.php?rest_route=\/wp\/v2\/pages"}],"about":[{"href":"https:\/\/sudurras.fo\/index.php?rest_route=\/wp\/v2\/types\/page"}],"author":[{"embeddable":true,"href":"https:\/\/sudurras.fo\/index.php?rest_route=\/wp\/v2\/users\/20"}],"replies":[{"embeddable":true,"href":"https:\/\/sudurras.fo\/index.php?rest_route=%2Fwp%2Fv2%2Fcomments&post=40426"}],"version-history":[{"count":2,"href":"https:\/\/sudurras.fo\/index.php?rest_route=\/wp\/v2\/pages\/40426\/revisions"}],"predecessor-version":[{"id":40591,"href":"https:\/\/sudurras.fo\/index.php?rest_route=\/wp\/v2\/pages\/40426\/revisions\/40591"}],"wp:attachment":[{"href":"https:\/\/sudurras.fo\/index.php?rest_route=%2Fwp%2Fv2%2Fmedia&parent=40426"}],"curies":[{"name":"wp","href":"https:\/\/api.w.org\/{rel}","templated":true}]}}